{"id":52,"date":"2017-05-13T03:21:56","date_gmt":"2017-05-13T03:21:56","guid":{"rendered":"https:\/\/anarcopunk.org\/festival\/?page_id=52"},"modified":"2017-05-16T20:35:37","modified_gmt":"2017-05-16T20:35:37","slug":"oficinas","status":"publish","type":"page","link":"https:\/\/anarcopunk.org\/festival\/oficinas\/","title":{"rendered":"OFICINAS"},"content":{"rendered":"<ul>\n<li><strong>Oficina de Hist\u00f3ria e Linguagem do Audiovisual | maio de 2016<\/strong><\/li>\n<\/ul>\n<p><img fetchpriority=\"high\" decoding=\"async\" class=\"alignnone wp-image-140\" src=\"https:\/\/anarcopunk.org\/festival\/wp-content\/uploads\/2017\/05\/13179226_1044046042297108_7078299721867676953_n.jpg\" alt=\"\" width=\"700\" height=\"494\" srcset=\"https:\/\/anarcopunk.org\/festival\/wp-content\/uploads\/2017\/05\/13179226_1044046042297108_7078299721867676953_n.jpg 960w, https:\/\/anarcopunk.org\/festival\/wp-content\/uploads\/2017\/05\/13179226_1044046042297108_7078299721867676953_n-300x212.jpg 300w, https:\/\/anarcopunk.org\/festival\/wp-content\/uploads\/2017\/05\/13179226_1044046042297108_7078299721867676953_n-768x542.jpg 768w\" sizes=\"(max-width: 700px) 100vw, 700px\" \/><\/p>\n<ul>\n<li><strong>Oficina de \u00c1udio | setembro de 2016<\/strong><\/li>\n<\/ul>\n<p><img decoding=\"async\" class=\"alignnone wp-image-141\" src=\"https:\/\/anarcopunk.org\/festival\/wp-content\/uploads\/2017\/05\/13902756_1103946872973691_4896226328786770596_n.jpg\" alt=\"\" width=\"700\" height=\"394\" srcset=\"https:\/\/anarcopunk.org\/festival\/wp-content\/uploads\/2017\/05\/13902756_1103946872973691_4896226328786770596_n.jpg 960w, https:\/\/anarcopunk.org\/festival\/wp-content\/uploads\/2017\/05\/13902756_1103946872973691_4896226328786770596_n-300x169.jpg 300w, https:\/\/anarcopunk.org\/festival\/wp-content\/uploads\/2017\/05\/13902756_1103946872973691_4896226328786770596_n-768x432.jpg 768w, https:\/\/anarcopunk.org\/festival\/wp-content\/uploads\/2017\/05\/13902756_1103946872973691_4896226328786770596_n-350x197.jpg 350w, https:\/\/anarcopunk.org\/festival\/wp-content\/uploads\/2017\/05\/13902756_1103946872973691_4896226328786770596_n-860x484.jpg 860w\" sizes=\"(max-width: 700px) 100vw, 700px\" \/><\/p>\n<ul>\n<li><strong>Oficina de \u00c1udio | maio de 2017<\/strong><\/li>\n<\/ul>\n<p><img decoding=\"async\" class=\"alignnone wp-image-142\" src=\"https:\/\/anarcopunk.org\/festival\/wp-content\/uploads\/2017\/05\/18301076_1355572604477782_4500789217866207267_n-810x540.jpg\" alt=\"\" width=\"700\" height=\"467\" srcset=\"https:\/\/anarcopunk.org\/festival\/wp-content\/uploads\/2017\/05\/18301076_1355572604477782_4500789217866207267_n-810x540.jpg 810w, https:\/\/anarcopunk.org\/festival\/wp-content\/uploads\/2017\/05\/18301076_1355572604477782_4500789217866207267_n-810x540-300x200.jpg 300w, https:\/\/anarcopunk.org\/festival\/wp-content\/uploads\/2017\/05\/18301076_1355572604477782_4500789217866207267_n-810x540-768x512.jpg 768w\" sizes=\"(max-width: 700px) 100vw, 700px\" \/><\/p>\n","protected":false},"excerpt":{"rendered":"<p>Oficina de Hist\u00f3ria e Linguagem do Audiovisual | maio de 2016 Oficina de \u00c1udio | setembro de 2016 Oficina de \u00c1udio | maio de 2017<\/p>\n","protected":false},"author":1,"featured_media":0,"parent":0,"menu_order":0,"comment_status":"closed","ping_status":"closed","template":"","meta":{"_acf_changed":false,"footnotes":""},"class_list":["post-52","page","type-page","status-publish","hentry"],"acf":[],"yoast_head":"<!-- This site is optimized with the Yoast SEO plugin v27.4 - https:\/\/yoast.com\/product\/yoast-seo-wordpress\/ -->\n<title>OFICINAS - Festival do Filme Anarquista e Punk de SP<\/title>\n<meta name=\"robots\" content=\"index, follow, max-snippet:-1, max-image-preview:large, max-video-preview:-1\" \/>\n<link rel=\"canonical\" href=\"https:\/\/anarcopunk.org\/festival\/oficinas\/\" \/>\n<meta property=\"og:locale\" content=\"pt_BR\" \/>\n<meta property=\"og:type\" content=\"article\" \/>\n<meta property=\"og:title\" content=\"OFICINAS - Festival do Filme Anarquista e Punk de SP\" \/>\n<meta property=\"og:description\" content=\"Oficina de Hist\u00f3ria e Linguagem do Audiovisual | maio de 2016 Oficina de \u00c1udio | setembro de 2016 Oficina de \u00c1udio | maio de 2017\" \/>\n<meta property=\"og:url\" content=\"https:\/\/anarcopunk.org\/festival\/oficinas\/\" \/>\n<meta property=\"og:site_name\" content=\"Festival do Filme Anarquista e Punk de SP\" \/>\n<meta property=\"article:modified_time\" content=\"2017-05-16T20:35:37+00:00\" \/>\n<meta property=\"og:image\" content=\"https:\/\/anarcopunk.org\/festival\/wp-content\/uploads\/2017\/05\/13179226_1044046042297108_7078299721867676953_n.jpg\" \/>\n<meta name=\"twitter:card\" content=\"summary_large_image\" \/>\n<script type=\"application\/ld+json\" class=\"yoast-schema-graph\">{\"@context\":\"https:\\\/\\\/schema.org\",\"@graph\":[{\"@type\":\"WebPage\",\"@id\":\"https:\\\/\\\/anarcopunk.org\\\/festival\\\/oficinas\\\/\",\"url\":\"https:\\\/\\\/anarcopunk.org\\\/festival\\\/oficinas\\\/\",\"name\":\"OFICINAS - Festival do Filme Anarquista e Punk de SP\",\"isPartOf\":{\"@id\":\"https:\\\/\\\/anarcopunk.org\\\/festival\\\/#website\"},\"primaryImageOfPage\":{\"@id\":\"https:\\\/\\\/anarcopunk.org\\\/festival\\\/oficinas\\\/#primaryimage\"},\"image\":{\"@id\":\"https:\\\/\\\/anarcopunk.org\\\/festival\\\/oficinas\\\/#primaryimage\"},\"thumbnailUrl\":\"https:\\\/\\\/anarcopunk.org\\\/festival\\\/wp-content\\\/uploads\\\/2017\\\/05\\\/13179226_1044046042297108_7078299721867676953_n.jpg\",\"datePublished\":\"2017-05-13T03:21:56+00:00\",\"dateModified\":\"2017-05-16T20:35:37+00:00\",\"breadcrumb\":{\"@id\":\"https:\\\/\\\/anarcopunk.org\\\/festival\\\/oficinas\\\/#breadcrumb\"},\"inLanguage\":\"pt-BR\",\"potentialAction\":[{\"@type\":\"ReadAction\",\"target\":[\"https:\\\/\\\/anarcopunk.org\\\/festival\\\/oficinas\\\/\"]}]},{\"@type\":\"ImageObject\",\"inLanguage\":\"pt-BR\",\"@id\":\"https:\\\/\\\/anarcopunk.org\\\/festival\\\/oficinas\\\/#primaryimage\",\"url\":\"https:\\\/\\\/anarcopunk.org\\\/festival\\\/wp-content\\\/uploads\\\/2017\\\/05\\\/13179226_1044046042297108_7078299721867676953_n.jpg\",\"contentUrl\":\"https:\\\/\\\/anarcopunk.org\\\/festival\\\/wp-content\\\/uploads\\\/2017\\\/05\\\/13179226_1044046042297108_7078299721867676953_n.jpg\",\"width\":960,\"height\":678},{\"@type\":\"BreadcrumbList\",\"@id\":\"https:\\\/\\\/anarcopunk.org\\\/festival\\\/oficinas\\\/#breadcrumb\",\"itemListElement\":[{\"@type\":\"ListItem\",\"position\":1,\"name\":\"Home\",\"item\":\"https:\\\/\\\/anarcopunk.org\\\/festival\\\/\"},{\"@type\":\"ListItem\",\"position\":2,\"name\":\"OFICINAS\"}]},{\"@type\":\"WebSite\",\"@id\":\"https:\\\/\\\/anarcopunk.org\\\/festival\\\/#website\",\"url\":\"https:\\\/\\\/anarcopunk.org\\\/festival\\\/\",\"name\":\"Festival do Filme Anarquista e Punk de SP\",\"description\":\"\",\"potentialAction\":[{\"@type\":\"SearchAction\",\"target\":{\"@type\":\"EntryPoint\",\"urlTemplate\":\"https:\\\/\\\/anarcopunk.org\\\/festival\\\/?s={search_term_string}\"},\"query-input\":{\"@type\":\"PropertyValueSpecification\",\"valueRequired\":true,\"valueName\":\"search_term_string\"}}],\"inLanguage\":\"pt-BR\"}]}<\/script>\n<!-- \/ Yoast SEO plugin. -->","yoast_head_json":{"title":"OFICINAS - Festival do Filme Anarquista e Punk de SP","robots":{"index":"index","follow":"follow","max-snippet":"max-snippet:-1","max-image-preview":"max-image-preview:large","max-video-preview":"max-video-preview:-1"},"canonical":"https:\/\/anarcopunk.org\/festival\/oficinas\/","og_locale":"pt_BR","og_type":"article","og_title":"OFICINAS - Festival do Filme Anarquista e Punk de SP","og_description":"Oficina de Hist\u00f3ria e Linguagem do Audiovisual | maio de 2016 Oficina de \u00c1udio | setembro de 2016 Oficina de \u00c1udio | maio de 2017","og_url":"https:\/\/anarcopunk.org\/festival\/oficinas\/","og_site_name":"Festival do Filme Anarquista e Punk de SP","article_modified_time":"2017-05-16T20:35:37+00:00","og_image":[{"url":"https:\/\/anarcopunk.org\/festival\/wp-content\/uploads\/2017\/05\/13179226_1044046042297108_7078299721867676953_n.jpg","type":"","width":"","height":""}],"twitter_card":"summary_large_image","schema":{"@context":"https:\/\/schema.org","@graph":[{"@type":"WebPage","@id":"https:\/\/anarcopunk.org\/festival\/oficinas\/","url":"https:\/\/anarcopunk.org\/festival\/oficinas\/","name":"OFICINAS - Festival do Filme Anarquista e Punk de SP","isPartOf":{"@id":"https:\/\/anarcopunk.org\/festival\/#website"},"primaryImageOfPage":{"@id":"https:\/\/anarcopunk.org\/festival\/oficinas\/#primaryimage"},"image":{"@id":"https:\/\/anarcopunk.org\/festival\/oficinas\/#primaryimage"},"thumbnailUrl":"https:\/\/anarcopunk.org\/festival\/wp-content\/uploads\/2017\/05\/13179226_1044046042297108_7078299721867676953_n.jpg","datePublished":"2017-05-13T03:21:56+00:00","dateModified":"2017-05-16T20:35:37+00:00","breadcrumb":{"@id":"https:\/\/anarcopunk.org\/festival\/oficinas\/#breadcrumb"},"inLanguage":"pt-BR","potentialAction":[{"@type":"ReadAction","target":["https:\/\/anarcopunk.org\/festival\/oficinas\/"]}]},{"@type":"ImageObject","inLanguage":"pt-BR","@id":"https:\/\/anarcopunk.org\/festival\/oficinas\/#primaryimage","url":"https:\/\/anarcopunk.org\/festival\/wp-content\/uploads\/2017\/05\/13179226_1044046042297108_7078299721867676953_n.jpg","contentUrl":"https:\/\/anarcopunk.org\/festival\/wp-content\/uploads\/2017\/05\/13179226_1044046042297108_7078299721867676953_n.jpg","width":960,"height":678},{"@type":"BreadcrumbList","@id":"https:\/\/anarcopunk.org\/festival\/oficinas\/#breadcrumb","itemListElement":[{"@type":"ListItem","position":1,"name":"Home","item":"https:\/\/anarcopunk.org\/festival\/"},{"@type":"ListItem","position":2,"name":"OFICINAS"}]},{"@type":"WebSite","@id":"https:\/\/anarcopunk.org\/festival\/#website","url":"https:\/\/anarcopunk.org\/festival\/","name":"Festival do Filme Anarquista e Punk de SP","description":"","potentialAction":[{"@type":"SearchAction","target":{"@type":"EntryPoint","urlTemplate":"https:\/\/anarcopunk.org\/festival\/?s={search_term_string}"},"query-input":{"@type":"PropertyValueSpecification","valueRequired":true,"valueName":"search_term_string"}}],"inLanguage":"pt-BR"}]}},"_links":{"self":[{"href":"https:\/\/anarcopunk.org\/festival\/wp-json\/wp\/v2\/pages\/52","targetHints":{"allow":["GET"]}}],"collection":[{"href":"https:\/\/anarcopunk.org\/festival\/wp-json\/wp\/v2\/pages"}],"about":[{"href":"https:\/\/anarcopunk.org\/festival\/wp-json\/wp\/v2\/types\/page"}],"author":[{"embeddable":true,"href":"https:\/\/anarcopunk.org\/festival\/wp-json\/wp\/v2\/users\/1"}],"replies":[{"embeddable":true,"href":"https:\/\/anarcopunk.org\/festival\/wp-json\/wp\/v2\/comments?post=52"}],"version-history":[{"count":3,"href":"https:\/\/anarcopunk.org\/festival\/wp-json\/wp\/v2\/pages\/52\/revisions"}],"predecessor-version":[{"id":143,"href":"https:\/\/anarcopunk.org\/festival\/wp-json\/wp\/v2\/pages\/52\/revisions\/143"}],"wp:attachment":[{"href":"https:\/\/anarcopunk.org\/festival\/wp-json\/wp\/v2\/media?parent=52"}],"curies":[{"name":"wp","href":"https:\/\/api.w.org\/{rel}","templated":true}]}}