{"id":50,"date":"2017-05-13T03:21:19","date_gmt":"2017-05-13T03:21:19","guid":{"rendered":"https:\/\/anarcopunk.org\/festival\/?page_id=50"},"modified":"2022-08-15T20:52:49","modified_gmt":"2022-08-15T23:52:49","slug":"contatos","status":"publish","type":"page","link":"https:\/\/anarcopunk.org\/festival\/contatos\/","title":{"rendered":"CONTATOS"},"content":{"rendered":"<p style=\"text-align: center;\"><img decoding=\"async\" class=\"wp-image-91 size-thumbnail alignleft\" src=\"https:\/\/anarcopunk.org\/festival\/wp-content\/uploads\/2017\/05\/cropped-logo-1-150x150.png\" alt=\"\" width=\"150\" height=\"150\" srcset=\"https:\/\/anarcopunk.org\/festival\/wp-content\/uploads\/2017\/05\/cropped-logo-1-150x150.png 150w, https:\/\/anarcopunk.org\/festival\/wp-content\/uploads\/2017\/05\/cropped-logo-1-300x300.png 300w, https:\/\/anarcopunk.org\/festival\/wp-content\/uploads\/2017\/05\/cropped-logo-1-200x200.png 200w, https:\/\/anarcopunk.org\/festival\/wp-content\/uploads\/2017\/05\/cropped-logo-1.png 683w\" sizes=\"(max-width: 150px) 100vw, 150px\" \/><\/p>\n<p style=\"text-align: center;\"><span style=\"color: #000000;\">Para contatos, propostas, sugest\u00f5es e d\u00favidas escreva para<\/span><\/p>\n<p style=\"text-align: center;\"><span style=\"color: #000000;\"><strong>festival@anarcopunk.org<\/strong><\/span><\/p>\n<p style=\"text-align: center;\">* * *<\/p>\n<p style=\"text-align: center;\"><span style=\"color: #000000;\"><strong>Acesse nossa p\u00e1gina no facebook: <\/strong><\/span><\/p>\n<p style=\"text-align: center;\"><span style=\"color: #000000;\"><strong><a href=\"https:\/\/www.facebook.com\/festivaldofilmeanarquistapunksp\"><span style=\"color: #000000;\">https:\/\/www.facebook.com\/festivaldofilmeanarquistapunksp<\/span><\/a><\/strong><\/span><\/p>\n","protected":false},"excerpt":{"rendered":"<p>Para contatos, propostas, sugest\u00f5es e d\u00favidas escreva para festival@anarcopunk.org * * * Acesse nossa p\u00e1gina no facebook: https:\/\/www.facebook.com\/festivaldofilmeanarquistapunksp<\/p>\n","protected":false},"author":1,"featured_media":0,"parent":0,"menu_order":0,"comment_status":"closed","ping_status":"closed","template":"","meta":{"_acf_changed":false,"footnotes":""},"class_list":["post-50","page","type-page","status-publish","hentry"],"acf":[],"yoast_head":"<!-- This site is optimized with the Yoast SEO plugin v27.4 - https:\/\/yoast.com\/product\/yoast-seo-wordpress\/ -->\n<title>CONTATOS - Festival do Filme Anarquista e Punk de SP<\/title>\n<meta name=\"robots\" content=\"index, follow, max-snippet:-1, max-image-preview:large, max-video-preview:-1\" \/>\n<link rel=\"canonical\" href=\"https:\/\/anarcopunk.org\/festival\/contatos\/\" \/>\n<meta property=\"og:locale\" content=\"pt_BR\" \/>\n<meta property=\"og:type\" content=\"article\" \/>\n<meta property=\"og:title\" content=\"CONTATOS - Festival do Filme Anarquista e Punk de SP\" \/>\n<meta property=\"og:description\" content=\"Para contatos, propostas, sugest\u00f5es e d\u00favidas escreva para festival@anarcopunk.org * * * Acesse nossa p\u00e1gina no facebook: https:\/\/www.facebook.com\/festivaldofilmeanarquistapunksp\" \/>\n<meta property=\"og:url\" content=\"https:\/\/anarcopunk.org\/festival\/contatos\/\" \/>\n<meta property=\"og:site_name\" content=\"Festival do Filme Anarquista e Punk de SP\" \/>\n<meta property=\"article:modified_time\" content=\"2022-08-15T23:52:49+00:00\" \/>\n<meta property=\"og:image\" content=\"https:\/\/anarcopunk.org\/festival\/wp-content\/uploads\/2017\/05\/cropped-logo-1-150x150.png\" \/>\n<meta name=\"twitter:card\" content=\"summary_large_image\" \/>\n<meta name=\"twitter:label1\" content=\"Est. tempo de leitura\" \/>\n\t<meta name=\"twitter:data1\" content=\"1 minuto\" \/>\n<script type=\"application\/ld+json\" class=\"yoast-schema-graph\">{\"@context\":\"https:\\\/\\\/schema.org\",\"@graph\":[{\"@type\":\"WebPage\",\"@id\":\"https:\\\/\\\/anarcopunk.org\\\/festival\\\/contatos\\\/\",\"url\":\"https:\\\/\\\/anarcopunk.org\\\/festival\\\/contatos\\\/\",\"name\":\"CONTATOS - Festival do Filme Anarquista e Punk de SP\",\"isPartOf\":{\"@id\":\"https:\\\/\\\/anarcopunk.org\\\/festival\\\/#website\"},\"primaryImageOfPage\":{\"@id\":\"https:\\\/\\\/anarcopunk.org\\\/festival\\\/contatos\\\/#primaryimage\"},\"image\":{\"@id\":\"https:\\\/\\\/anarcopunk.org\\\/festival\\\/contatos\\\/#primaryimage\"},\"thumbnailUrl\":\"https:\\\/\\\/anarcopunk.org\\\/festival\\\/wp-content\\\/uploads\\\/2017\\\/05\\\/cropped-logo-1-150x150.png\",\"datePublished\":\"2017-05-13T03:21:19+00:00\",\"dateModified\":\"2022-08-15T23:52:49+00:00\",\"breadcrumb\":{\"@id\":\"https:\\\/\\\/anarcopunk.org\\\/festival\\\/contatos\\\/#breadcrumb\"},\"inLanguage\":\"pt-BR\",\"potentialAction\":[{\"@type\":\"ReadAction\",\"target\":[\"https:\\\/\\\/anarcopunk.org\\\/festival\\\/contatos\\\/\"]}]},{\"@type\":\"ImageObject\",\"inLanguage\":\"pt-BR\",\"@id\":\"https:\\\/\\\/anarcopunk.org\\\/festival\\\/contatos\\\/#primaryimage\",\"url\":\"https:\\\/\\\/anarcopunk.org\\\/festival\\\/wp-content\\\/uploads\\\/2017\\\/05\\\/cropped-logo-1.png\",\"contentUrl\":\"https:\\\/\\\/anarcopunk.org\\\/festival\\\/wp-content\\\/uploads\\\/2017\\\/05\\\/cropped-logo-1.png\",\"width\":683,\"height\":682},{\"@type\":\"BreadcrumbList\",\"@id\":\"https:\\\/\\\/anarcopunk.org\\\/festival\\\/contatos\\\/#breadcrumb\",\"itemListElement\":[{\"@type\":\"ListItem\",\"position\":1,\"name\":\"Home\",\"item\":\"https:\\\/\\\/anarcopunk.org\\\/festival\\\/\"},{\"@type\":\"ListItem\",\"position\":2,\"name\":\"CONTATOS\"}]},{\"@type\":\"WebSite\",\"@id\":\"https:\\\/\\\/anarcopunk.org\\\/festival\\\/#website\",\"url\":\"https:\\\/\\\/anarcopunk.org\\\/festival\\\/\",\"name\":\"Festival do Filme Anarquista e Punk de SP\",\"description\":\"\",\"potentialAction\":[{\"@type\":\"SearchAction\",\"target\":{\"@type\":\"EntryPoint\",\"urlTemplate\":\"https:\\\/\\\/anarcopunk.org\\\/festival\\\/?s={search_term_string}\"},\"query-input\":{\"@type\":\"PropertyValueSpecification\",\"valueRequired\":true,\"valueName\":\"search_term_string\"}}],\"inLanguage\":\"pt-BR\"}]}<\/script>\n<!-- \/ Yoast SEO plugin. -->","yoast_head_json":{"title":"CONTATOS - Festival do Filme Anarquista e Punk de SP","robots":{"index":"index","follow":"follow","max-snippet":"max-snippet:-1","max-image-preview":"max-image-preview:large","max-video-preview":"max-video-preview:-1"},"canonical":"https:\/\/anarcopunk.org\/festival\/contatos\/","og_locale":"pt_BR","og_type":"article","og_title":"CONTATOS - Festival do Filme Anarquista e Punk de SP","og_description":"Para contatos, propostas, sugest\u00f5es e d\u00favidas escreva para festival@anarcopunk.org * * * Acesse nossa p\u00e1gina no facebook: https:\/\/www.facebook.com\/festivaldofilmeanarquistapunksp","og_url":"https:\/\/anarcopunk.org\/festival\/contatos\/","og_site_name":"Festival do Filme Anarquista e Punk de SP","article_modified_time":"2022-08-15T23:52:49+00:00","og_image":[{"url":"https:\/\/anarcopunk.org\/festival\/wp-content\/uploads\/2017\/05\/cropped-logo-1-150x150.png","type":"","width":"","height":""}],"twitter_card":"summary_large_image","twitter_misc":{"Est. tempo de leitura":"1 minuto"},"schema":{"@context":"https:\/\/schema.org","@graph":[{"@type":"WebPage","@id":"https:\/\/anarcopunk.org\/festival\/contatos\/","url":"https:\/\/anarcopunk.org\/festival\/contatos\/","name":"CONTATOS - Festival do Filme Anarquista e Punk de SP","isPartOf":{"@id":"https:\/\/anarcopunk.org\/festival\/#website"},"primaryImageOfPage":{"@id":"https:\/\/anarcopunk.org\/festival\/contatos\/#primaryimage"},"image":{"@id":"https:\/\/anarcopunk.org\/festival\/contatos\/#primaryimage"},"thumbnailUrl":"https:\/\/anarcopunk.org\/festival\/wp-content\/uploads\/2017\/05\/cropped-logo-1-150x150.png","datePublished":"2017-05-13T03:21:19+00:00","dateModified":"2022-08-15T23:52:49+00:00","breadcrumb":{"@id":"https:\/\/anarcopunk.org\/festival\/contatos\/#breadcrumb"},"inLanguage":"pt-BR","potentialAction":[{"@type":"ReadAction","target":["https:\/\/anarcopunk.org\/festival\/contatos\/"]}]},{"@type":"ImageObject","inLanguage":"pt-BR","@id":"https:\/\/anarcopunk.org\/festival\/contatos\/#primaryimage","url":"https:\/\/anarcopunk.org\/festival\/wp-content\/uploads\/2017\/05\/cropped-logo-1.png","contentUrl":"https:\/\/anarcopunk.org\/festival\/wp-content\/uploads\/2017\/05\/cropped-logo-1.png","width":683,"height":682},{"@type":"BreadcrumbList","@id":"https:\/\/anarcopunk.org\/festival\/contatos\/#breadcrumb","itemListElement":[{"@type":"ListItem","position":1,"name":"Home","item":"https:\/\/anarcopunk.org\/festival\/"},{"@type":"ListItem","position":2,"name":"CONTATOS"}]},{"@type":"WebSite","@id":"https:\/\/anarcopunk.org\/festival\/#website","url":"https:\/\/anarcopunk.org\/festival\/","name":"Festival do Filme Anarquista e Punk de SP","description":"","potentialAction":[{"@type":"SearchAction","target":{"@type":"EntryPoint","urlTemplate":"https:\/\/anarcopunk.org\/festival\/?s={search_term_string}"},"query-input":{"@type":"PropertyValueSpecification","valueRequired":true,"valueName":"search_term_string"}}],"inLanguage":"pt-BR"}]}},"_links":{"self":[{"href":"https:\/\/anarcopunk.org\/festival\/wp-json\/wp\/v2\/pages\/50","targetHints":{"allow":["GET"]}}],"collection":[{"href":"https:\/\/anarcopunk.org\/festival\/wp-json\/wp\/v2\/pages"}],"about":[{"href":"https:\/\/anarcopunk.org\/festival\/wp-json\/wp\/v2\/types\/page"}],"author":[{"embeddable":true,"href":"https:\/\/anarcopunk.org\/festival\/wp-json\/wp\/v2\/users\/1"}],"replies":[{"embeddable":true,"href":"https:\/\/anarcopunk.org\/festival\/wp-json\/wp\/v2\/comments?post=50"}],"version-history":[{"count":6,"href":"https:\/\/anarcopunk.org\/festival\/wp-json\/wp\/v2\/pages\/50\/revisions"}],"predecessor-version":[{"id":640,"href":"https:\/\/anarcopunk.org\/festival\/wp-json\/wp\/v2\/pages\/50\/revisions\/640"}],"wp:attachment":[{"href":"https:\/\/anarcopunk.org\/festival\/wp-json\/wp\/v2\/media?parent=50"}],"curies":[{"name":"wp","href":"https:\/\/api.w.org\/{rel}","templated":true}]}}