{"id":288,"date":"2018-02-01T19:30:47","date_gmt":"2018-02-01T19:30:47","guid":{"rendered":"https:\/\/anarcopunk.org\/festival\/?page_id=288"},"modified":"2018-02-01T19:30:47","modified_gmt":"2018-02-01T19:30:47","slug":"zine-anarquismo-e-audiovisual-1","status":"publish","type":"page","link":"https:\/\/anarcopunk.org\/festival\/zine-anarquismo-e-audiovisual-1\/","title":{"rendered":"ZINE | ANARQUISMO E AUDIOVISUAL #1"},"content":{"rendered":"<p><img fetchpriority=\"high\" decoding=\"async\" class=\"size-medium wp-image-289 alignleft\" src=\"https:\/\/anarcopunk.org\/festival\/wp-content\/uploads\/2018\/02\/1-212x300.jpg\" alt=\"\" width=\"212\" height=\"300\" srcset=\"https:\/\/anarcopunk.org\/festival\/wp-content\/uploads\/2018\/02\/1-212x300.jpg 212w, https:\/\/anarcopunk.org\/festival\/wp-content\/uploads\/2018\/02\/1-768x1086.jpg 768w, https:\/\/anarcopunk.org\/festival\/wp-content\/uploads\/2018\/02\/1-724x1024.jpg 724w\" sizes=\"(max-width: 212px) 100vw, 212px\" \/>Dispon\u00edvel pra download o primeiro n\u00famero do nosso zine, <strong>&#8220;Anarquismo e Audiovisual&#8221;<\/strong>!<\/p>\n<p>Dessa vez no papel, um pouco de hist\u00f3ria e muitas de nossas inquieta\u00e7\u00f5es e questionamentos sobre o fazer audiovisual como ferramenta nas lutas anarquistas e libert\u00e1rias. Compartilhamos aqui as experi\u00eancias e id\u00e9ias que foram surgindo no decorrer desses anos conspirando produ\u00e7\u00f5es em v\u00eddeo e organizando o Festival do Filme Anarquista e Punk em SP e edi\u00e7\u00f5es itinerantes.\u00a0O zine \u00e9 uma publica\u00e7\u00e3o conjunta dos projetos Do Morro Produ\u00e7\u00f5es e Anarco-Filmes, que organizam h\u00e1 seis anos o Festival em SP, e foi lan\u00e7ado em dezembro de 2017 na VI edi\u00e7\u00e3o do Festival, que rolou no Centro de Cultura Social.<\/p>\n<p><strong>Para baixar, \u00e9 s\u00f3 clicar aqui:<\/strong>\u00a0<a href=\"http:\/\/www.mediafire.com\/file\/zs9pfqw8juae1q6\/ANARQUISMO%20E%20AUDIOVISUAL%201.pdf\">http:\/\/www.mediafire.com\/file\/zs9pfqw8juae1q6\/ANARQUISMO%20E%20AUDIOVISUAL%201.pdf\u00a0<\/a><\/p>\n","protected":false},"excerpt":{"rendered":"<p>Dispon\u00edvel pra download o primeiro n\u00famero do nosso zine, &#8220;Anarquismo e Audiovisual&#8221;! Dessa vez no papel, um pouco de hist\u00f3ria e muitas de nossas inquieta\u00e7\u00f5es e questionamentos sobre o fazer audiovisual como ferramenta nas lutas anarquistas e libert\u00e1rias. Compartilhamos aqui as experi\u00eancias e id\u00e9ias que foram surgindo no decorrer desses anos conspirando produ\u00e7\u00f5es em v\u00eddeo <a class=\"more-link\" href=\"https:\/\/anarcopunk.org\/festival\/zine-anarquismo-e-audiovisual-1\/\">Leia mais&#8230; &raquo;<\/a><\/p>\n","protected":false},"author":1,"featured_media":289,"parent":0,"menu_order":0,"comment_status":"closed","ping_status":"closed","template":"","meta":{"_acf_changed":false,"footnotes":""},"class_list":["post-288","page","type-page","status-publish","has-post-thumbnail","hentry"],"acf":[],"yoast_head":"<!-- This site is optimized with the Yoast SEO plugin v27.4 - https:\/\/yoast.com\/product\/yoast-seo-wordpress\/ -->\n<title>ZINE | ANARQUISMO E AUDIOVISUAL #1 - Festival do Filme Anarquista e Punk de SP<\/title>\n<meta name=\"robots\" content=\"index, follow, max-snippet:-1, max-image-preview:large, max-video-preview:-1\" \/>\n<link rel=\"canonical\" href=\"https:\/\/anarcopunk.org\/festival\/zine-anarquismo-e-audiovisual-1\/\" \/>\n<meta property=\"og:locale\" content=\"pt_BR\" \/>\n<meta property=\"og:type\" content=\"article\" \/>\n<meta property=\"og:title\" content=\"ZINE | ANARQUISMO E AUDIOVISUAL #1 - Festival do Filme Anarquista e Punk de SP\" \/>\n<meta property=\"og:description\" content=\"Dispon\u00edvel pra download o primeiro n\u00famero do nosso zine, &#8220;Anarquismo e Audiovisual&#8221;! Dessa vez no papel, um pouco de hist\u00f3ria e muitas de nossas inquieta\u00e7\u00f5es e questionamentos sobre o fazer audiovisual como ferramenta nas lutas anarquistas e libert\u00e1rias. Compartilhamos aqui as experi\u00eancias e id\u00e9ias que foram surgindo no decorrer desses anos conspirando produ\u00e7\u00f5es em v\u00eddeo Leia mais... &raquo;\" \/>\n<meta property=\"og:url\" content=\"https:\/\/anarcopunk.org\/festival\/zine-anarquismo-e-audiovisual-1\/\" \/>\n<meta property=\"og:site_name\" content=\"Festival do Filme Anarquista e Punk de SP\" \/>\n<meta property=\"og:image\" content=\"https:\/\/anarcopunk.org\/festival\/wp-content\/uploads\/2018\/02\/1-724x1024.jpg\" \/>\n\t<meta property=\"og:image:width\" content=\"724\" \/>\n\t<meta property=\"og:image:height\" content=\"1024\" \/>\n\t<meta property=\"og:image:type\" content=\"image\/jpeg\" \/>\n<meta name=\"twitter:card\" content=\"summary_large_image\" \/>\n<meta name=\"twitter:label1\" content=\"Est. tempo de leitura\" \/>\n\t<meta name=\"twitter:data1\" content=\"1 minuto\" \/>\n<script type=\"application\/ld+json\" class=\"yoast-schema-graph\">{\"@context\":\"https:\\\/\\\/schema.org\",\"@graph\":[{\"@type\":\"WebPage\",\"@id\":\"https:\\\/\\\/anarcopunk.org\\\/festival\\\/zine-anarquismo-e-audiovisual-1\\\/\",\"url\":\"https:\\\/\\\/anarcopunk.org\\\/festival\\\/zine-anarquismo-e-audiovisual-1\\\/\",\"name\":\"ZINE | ANARQUISMO E AUDIOVISUAL #1 - Festival do Filme Anarquista e Punk de SP\",\"isPartOf\":{\"@id\":\"https:\\\/\\\/anarcopunk.org\\\/festival\\\/#website\"},\"primaryImageOfPage\":{\"@id\":\"https:\\\/\\\/anarcopunk.org\\\/festival\\\/zine-anarquismo-e-audiovisual-1\\\/#primaryimage\"},\"image\":{\"@id\":\"https:\\\/\\\/anarcopunk.org\\\/festival\\\/zine-anarquismo-e-audiovisual-1\\\/#primaryimage\"},\"thumbnailUrl\":\"https:\\\/\\\/anarcopunk.org\\\/festival\\\/wp-content\\\/uploads\\\/2018\\\/02\\\/1.jpg\",\"datePublished\":\"2018-02-01T19:30:47+00:00\",\"breadcrumb\":{\"@id\":\"https:\\\/\\\/anarcopunk.org\\\/festival\\\/zine-anarquismo-e-audiovisual-1\\\/#breadcrumb\"},\"inLanguage\":\"pt-BR\",\"potentialAction\":[{\"@type\":\"ReadAction\",\"target\":[\"https:\\\/\\\/anarcopunk.org\\\/festival\\\/zine-anarquismo-e-audiovisual-1\\\/\"]}]},{\"@type\":\"ImageObject\",\"inLanguage\":\"pt-BR\",\"@id\":\"https:\\\/\\\/anarcopunk.org\\\/festival\\\/zine-anarquismo-e-audiovisual-1\\\/#primaryimage\",\"url\":\"https:\\\/\\\/anarcopunk.org\\\/festival\\\/wp-content\\\/uploads\\\/2018\\\/02\\\/1.jpg\",\"contentUrl\":\"https:\\\/\\\/anarcopunk.org\\\/festival\\\/wp-content\\\/uploads\\\/2018\\\/02\\\/1.jpg\",\"width\":2480,\"height\":3508},{\"@type\":\"BreadcrumbList\",\"@id\":\"https:\\\/\\\/anarcopunk.org\\\/festival\\\/zine-anarquismo-e-audiovisual-1\\\/#breadcrumb\",\"itemListElement\":[{\"@type\":\"ListItem\",\"position\":1,\"name\":\"Home\",\"item\":\"https:\\\/\\\/anarcopunk.org\\\/festival\\\/\"},{\"@type\":\"ListItem\",\"position\":2,\"name\":\"ZINE | ANARQUISMO E AUDIOVISUAL #1\"}]},{\"@type\":\"WebSite\",\"@id\":\"https:\\\/\\\/anarcopunk.org\\\/festival\\\/#website\",\"url\":\"https:\\\/\\\/anarcopunk.org\\\/festival\\\/\",\"name\":\"Festival do Filme Anarquista e Punk de SP\",\"description\":\"\",\"potentialAction\":[{\"@type\":\"SearchAction\",\"target\":{\"@type\":\"EntryPoint\",\"urlTemplate\":\"https:\\\/\\\/anarcopunk.org\\\/festival\\\/?s={search_term_string}\"},\"query-input\":{\"@type\":\"PropertyValueSpecification\",\"valueRequired\":true,\"valueName\":\"search_term_string\"}}],\"inLanguage\":\"pt-BR\"}]}<\/script>\n<!-- \/ Yoast SEO plugin. -->","yoast_head_json":{"title":"ZINE | ANARQUISMO E AUDIOVISUAL #1 - Festival do Filme Anarquista e Punk de SP","robots":{"index":"index","follow":"follow","max-snippet":"max-snippet:-1","max-image-preview":"max-image-preview:large","max-video-preview":"max-video-preview:-1"},"canonical":"https:\/\/anarcopunk.org\/festival\/zine-anarquismo-e-audiovisual-1\/","og_locale":"pt_BR","og_type":"article","og_title":"ZINE | ANARQUISMO E AUDIOVISUAL #1 - Festival do Filme Anarquista e Punk de SP","og_description":"Dispon\u00edvel pra download o primeiro n\u00famero do nosso zine, &#8220;Anarquismo e Audiovisual&#8221;! Dessa vez no papel, um pouco de hist\u00f3ria e muitas de nossas inquieta\u00e7\u00f5es e questionamentos sobre o fazer audiovisual como ferramenta nas lutas anarquistas e libert\u00e1rias. Compartilhamos aqui as experi\u00eancias e id\u00e9ias que foram surgindo no decorrer desses anos conspirando produ\u00e7\u00f5es em v\u00eddeo Leia mais... &raquo;","og_url":"https:\/\/anarcopunk.org\/festival\/zine-anarquismo-e-audiovisual-1\/","og_site_name":"Festival do Filme Anarquista e Punk de SP","og_image":[{"width":724,"height":1024,"url":"https:\/\/anarcopunk.org\/festival\/wp-content\/uploads\/2018\/02\/1-724x1024.jpg","type":"image\/jpeg"}],"twitter_card":"summary_large_image","twitter_misc":{"Est. tempo de leitura":"1 minuto"},"schema":{"@context":"https:\/\/schema.org","@graph":[{"@type":"WebPage","@id":"https:\/\/anarcopunk.org\/festival\/zine-anarquismo-e-audiovisual-1\/","url":"https:\/\/anarcopunk.org\/festival\/zine-anarquismo-e-audiovisual-1\/","name":"ZINE | ANARQUISMO E AUDIOVISUAL #1 - Festival do Filme Anarquista e Punk de SP","isPartOf":{"@id":"https:\/\/anarcopunk.org\/festival\/#website"},"primaryImageOfPage":{"@id":"https:\/\/anarcopunk.org\/festival\/zine-anarquismo-e-audiovisual-1\/#primaryimage"},"image":{"@id":"https:\/\/anarcopunk.org\/festival\/zine-anarquismo-e-audiovisual-1\/#primaryimage"},"thumbnailUrl":"https:\/\/anarcopunk.org\/festival\/wp-content\/uploads\/2018\/02\/1.jpg","datePublished":"2018-02-01T19:30:47+00:00","breadcrumb":{"@id":"https:\/\/anarcopunk.org\/festival\/zine-anarquismo-e-audiovisual-1\/#breadcrumb"},"inLanguage":"pt-BR","potentialAction":[{"@type":"ReadAction","target":["https:\/\/anarcopunk.org\/festival\/zine-anarquismo-e-audiovisual-1\/"]}]},{"@type":"ImageObject","inLanguage":"pt-BR","@id":"https:\/\/anarcopunk.org\/festival\/zine-anarquismo-e-audiovisual-1\/#primaryimage","url":"https:\/\/anarcopunk.org\/festival\/wp-content\/uploads\/2018\/02\/1.jpg","contentUrl":"https:\/\/anarcopunk.org\/festival\/wp-content\/uploads\/2018\/02\/1.jpg","width":2480,"height":3508},{"@type":"BreadcrumbList","@id":"https:\/\/anarcopunk.org\/festival\/zine-anarquismo-e-audiovisual-1\/#breadcrumb","itemListElement":[{"@type":"ListItem","position":1,"name":"Home","item":"https:\/\/anarcopunk.org\/festival\/"},{"@type":"ListItem","position":2,"name":"ZINE | ANARQUISMO E AUDIOVISUAL #1"}]},{"@type":"WebSite","@id":"https:\/\/anarcopunk.org\/festival\/#website","url":"https:\/\/anarcopunk.org\/festival\/","name":"Festival do Filme Anarquista e Punk de SP","description":"","potentialAction":[{"@type":"SearchAction","target":{"@type":"EntryPoint","urlTemplate":"https:\/\/anarcopunk.org\/festival\/?s={search_term_string}"},"query-input":{"@type":"PropertyValueSpecification","valueRequired":true,"valueName":"search_term_string"}}],"inLanguage":"pt-BR"}]}},"_links":{"self":[{"href":"https:\/\/anarcopunk.org\/festival\/wp-json\/wp\/v2\/pages\/288","targetHints":{"allow":["GET"]}}],"collection":[{"href":"https:\/\/anarcopunk.org\/festival\/wp-json\/wp\/v2\/pages"}],"about":[{"href":"https:\/\/anarcopunk.org\/festival\/wp-json\/wp\/v2\/types\/page"}],"author":[{"embeddable":true,"href":"https:\/\/anarcopunk.org\/festival\/wp-json\/wp\/v2\/users\/1"}],"replies":[{"embeddable":true,"href":"https:\/\/anarcopunk.org\/festival\/wp-json\/wp\/v2\/comments?post=288"}],"version-history":[{"count":1,"href":"https:\/\/anarcopunk.org\/festival\/wp-json\/wp\/v2\/pages\/288\/revisions"}],"predecessor-version":[{"id":290,"href":"https:\/\/anarcopunk.org\/festival\/wp-json\/wp\/v2\/pages\/288\/revisions\/290"}],"wp:featuredmedia":[{"embeddable":true,"href":"https:\/\/anarcopunk.org\/festival\/wp-json\/wp\/v2\/media\/289"}],"wp:attachment":[{"href":"https:\/\/anarcopunk.org\/festival\/wp-json\/wp\/v2\/media?parent=288"}],"curies":[{"name":"wp","href":"https:\/\/api.w.org\/{rel}","templated":true}]}}