{"id":270,"date":"2017-10-24T00:17:49","date_gmt":"2017-10-24T00:17:49","guid":{"rendered":"https:\/\/anarcopunk.org\/festival\/?page_id=270"},"modified":"2020-10-22T03:07:42","modified_gmt":"2020-10-22T06:07:42","slug":"vi-festival-do-filme-anarquista-e-punk-de-sp","status":"publish","type":"page","link":"https:\/\/anarcopunk.org\/festival\/vi-festival-do-filme-anarquista-e-punk-de-sp\/","title":{"rendered":"VI Festival do Filme Anarquista e Punk de SP"},"content":{"rendered":"<p><img fetchpriority=\"high\" decoding=\"async\" class=\"alignleft wp-image-280\" src=\"https:\/\/anarcopunk.org\/festival\/wp-content\/uploads\/2017\/10\/cartaz-e1510623919721.jpg\" alt=\"\" width=\"400\" height=\"566\" \/><\/p>\n<p><strong>VI FESTIVAL DO FILME ANARQUISTA E PUNK DE SP<\/strong><\/p>\n<p>Chegamos ao sexto ano do Festival do Filme Anarquista e Punk de SP, com a proposta de visibilizar as produ\u00e7\u00f5es audiovisuais libert\u00e1rias e de tem\u00e1ticas relacionadas \u00e0 contracultura punk e anarquismo, al\u00e9m de pautar o uso dessa importante ferramenta em nossas lutas. Esse ano o Festival vai rolar no Centro de Cultura Social, um espa\u00e7o aut\u00f4nomo de muita hist\u00f3ria e contribui\u00e7\u00e3o para o anarquismo na cidade.<\/p>\n<p><strong>PROGRAMA\u00c7\u00c3O VI FESTIVAL DO FILME ANARQUISTA E PUNK DE SP<\/strong><\/p>\n<p><a href=\"https:\/\/anarcopunk.org\/festival\/programacao-2017\/\" target=\"_blank\" rel=\"noreferrer noopener\">https:\/\/anarcopunk.org\/festival\/programacao-2017\/<\/a><br \/>\n2 e 3 de dezembro, 2017 | Centro de Cultura Social [Rua General Jardim, 253 \u2013 sala 22]\n<p><strong>BAIXE O CRONOGRAMA EM PDF AQUI<\/strong><br \/>\n<a href=\"https:\/\/www.mediafire.com\/file\/bak4a7r4as6zkoy\/\" target=\"_blank\" rel=\"noreferrer noopener\">https:\/\/www.mediafire.com\/file\/bak4a7r4as6zkoy\/<\/a><\/p>\n<p>***<\/p>\n<p><strong>S\u00c1BADO, 2 DE DEZEMBRO<\/strong><\/p>\n<p>13:30 | 16a2015 \u2013 DOOM no Chile + Punky Mauri: Formosamente Violento<\/p>\n<p>16a2015 \u2013 DOOM no Chile [Document\u00e1rio | 43\u201d | 2017 | Basura Existencia | Chile]\nDocument\u00e1rio em mem\u00f3ria de Fabian, Gaston, Ignacio, Daniel e Robert, mortos durante uma gig onde acontecia a apresenta\u00e7\u00e3o da banda Doom no Chile. A cada 16 de abril na Alameda 776, punks, amigxs e parentes seguem relembrando-os, e este registro mostra um pouco do que ocorreu naquela fat\u00eddica noite, bem como as atividades em mem\u00f3ria deles.<\/p>\n<p>Punky Mauri: Formosamente Violento [Document\u00e1rio | 13\u201d | 2017 | Chile]\nUm pequeno registro em mem\u00f3ria de Mauricio Morales, anarquista que morreu em 2009 em decorr\u00eancia da explos\u00e3o de uma bomba que transportava, e cuja morte foi usada como desculpa para toda uma opera\u00e7\u00e3o policial de criminaliza\u00e7\u00e3o e montagem contra okupas, anarquistas e punks no Chile. Esta opera\u00e7\u00e3o, que ficou conhecida como Caso Bombas, foi posteriormente desmontada, ante \u00e0s in\u00fameras provas falsas apresentadas pela promotoria.<\/p>\n<p>14:40 | No Gods No Masters Fest 2017 + La Forma: Videofanzine de Contracultura<\/p>\n<p>La Forma: Videofanzine de Contracultura [Document\u00e1rio | 18\u201d | 2016 |Arlen Herrera | Equador]\nProjeto autogestionado e contrainformativo de colabora\u00e7\u00e3o conjunta e apoio m\u00fatuo, de distintos indiv\u00edduos e espa\u00e7os de Quito, Equador, que em diferentes entornos tem resistido e atuado ali. Este v\u00eddeo conta com v\u00e1rios temas dentro da contracultura, como forma de vida, a\u00e7\u00e3o, cria\u00e7\u00e3o e cr\u00edtica. Partindo de uma cr\u00edtica comum ao sistema capitalista e a heteronorma imposta, nascem iniciativas e ideias para buscar caminhos<br \/>\ndiferentes de combat\u00ea-la.<\/p>\n<p>No Gods No Masters Fest 2017 [Document\u00e1rio | 15\u201d | 2017 | Anarco.Filmes| S\u00e3o Paulo\/SP]\nAutonomia, rela\u00e7\u00f5es horizontais, fa\u00e7a-voc\u00ea-mesma, senso de comunidade, cria\u00e7\u00e3o de redes, di\u00e1logo, respeito, apoio m\u00fatuo\u2026 Em imagens, sentidos e palavras, um pouco da segunda edi\u00e7\u00e3o do No Gods No Masters Fest, em Itanha\u00e9m, litoral de S\u00e3o Paulo.<\/p>\n<p>15:20 | Oficina: Um guia pr\u00e1tico Anarquista e Punk para uma Autodefesa Digital, por HACKistenZ<br \/>\nPara n\u00f3s, anarquistas e punks, \u00e9 mais que necess\u00e1rio nos comunicarmos, de maneira r\u00e1pida e segura. Pois precisamos planejar a\u00e7\u00f5es e fortalecer nossos v\u00ednculos e nossa resist\u00eancia. No entanto, estamos sendo vigiadxs. E pior, estamos sob um tipo de vigil\u00e2ncia discreta e silenciosa. N\u00e3o vemos claramente quem nos vigiam. Pois estes est\u00e3o muito bem camuflados na internet e at\u00e9 mesmo est\u00e3o embutidos dentro de nossos computadores e em nossos telefones celulares.<\/p>\n<p>Vivemos em tempos que o combate \u00e0 vigil\u00e2ncia deve ser integrado em nossos h\u00e1bitos di\u00e1rios. Assim como preparamos nossa comida antes de com\u00ea-la, tamb\u00e9m devemos criptografar nossas informa\u00e7\u00f5es antes de envi\u00e1-las. Assim como escolhemos qual roupa vestir, tamb\u00e9m devemos nos preocupar com quais softwares usar. Do mesmo jeito que n\u00e3o sa\u00edmos por ai, pelas ruas, expondo informa\u00e7\u00f5es sobre nossas vidas e sobre as vidas<br \/>\nde compas e de quem amamos para todo o mundo ficar sabendo, tamb\u00e9m n\u00e3o devemos faz\u00ea-lo no ciberespa\u00e7o.<\/p>\n<p>Se n\u00e3o estamos ainda nos protegendo contra essa vigil\u00e2ncia toda, devemos mudar nossos h\u00e1bitos agora! Mesmo que n\u00e3o consigamos a prote\u00e7\u00e3o total, pelo menos dificultaremos a vida de quem nos vigiam. Isto ser\u00e1 nossa oficina: \u201cUm guia pr\u00e1tico Anarquista e Punk para uma autodefesa digital\u201d. Basicamente discutiremos os seguintes temas, Autonomia diante os softwares, Anonimato na rede, Cypherpunks (criptografia) e Desobedi\u00eancia digital. Cada momento do debate aprenderemos juntxs as ideias fundamentais, quais as principais medidas a serem tomadas por n\u00f3s, quais programas utilizar e como utiliz\u00e1-los.<\/p>\n<p>16: 30 | Ovarian Psycos<\/p>\n<p>Ovarian Psycos [Document\u00e1rio | 72\u201d | 2016 | Joanna Sokolowski e Kate Trumbull-LaValle | EUA]\nPedalando a noite pelas ruas perigosas do leste de Los Angeles, as Ovarian Psycos usam suas bicicletas para confrontar a viol\u00eancia em suas vidas. Guiando o grupo est\u00e1 a fundadora Xela de la X, m\u00e3e e poeta M.C., dedicada a recrutar mulheres ind\u00edgenas e negras para o movimento. O filme conta a hist\u00f3ria de Xela, mostrando sua luta em encontrar um balan\u00e7o entre o ativismo e sua filha de 9 anos; de Andi, que distante de<br \/>\nsua fam\u00edlia caminha em dire\u00e7\u00e3o \u00e0 lideran\u00e7a do grupo; e de Evie, quem apesar da pobreza e das preocupa\u00e7\u00f5es de sua m\u00e3e salvadorenha, descobre uma nova confian\u00e7a.<\/p>\n<p>18:00 | Andale! + She\u00b4s a Punk Rocker<\/p>\n<p>Andale [Curta experimental | 4\u201d | 2017 | Canibal Filmes | Palmitos\/SC]\n<p>Um filme sobre o mundo de hoje, sobre a necessidade de uma revolu\u00e7\u00e3o, um levante das massas contra os exploradores, para que o sistema financeiro possa ser todo repensado. Uma vis\u00e3o anarquista do caos que necessitamos para essa mudan\u00e7a ocorrer.<\/p>\n<p>She\u00b4s a Punk Rocker [Document\u00e1rio | 67\u201d | 2010 | Zillah Minx | Inglaterra]\nDirigido por Zillah Minx, integrante da banda anarcopunk Rubella Ballet, o document\u00e1rio retrata um pouco das ideias e hist\u00f3rias de mulheres punks que viveram e participaram da cena punk\/squatter inglesa, como Poly Styrene (X-Ray Spex), Eve Libertine e Gee Vaucher (Crass), Olga Orbit (Youth in Asia), entre outras.<\/p>\n<p><strong>DOMINGO, 3 DE DEZEMBRO<\/strong><\/p>\n<p>13:00 | Dias de Cultura Punk em Fortaleza + Espa\u00e7o Korpo Sem \u00d3rg\u00e3os \u2013 Autonomia e Autogest\u00e3o<\/p>\n<p>Dias de Cultura Punk em Fortaleza [Document\u00e1rio | 30\u201d | 2017 | Kalango | Fortaleza\/CE]\nA cena punk\/anarquista no nordeste sempre teve como forte caracter\u00edstica a realiza\u00e7\u00e3o de atividades com apoio e participa\u00e7\u00e3o de grupos\/bandas de diversas localidades da regi\u00e3o, unindo esfor\u00e7os, sonhos e movidas. Este<br \/>\nano aconteceu o Dia de Cultura Punk, com atividades em Fortaleza\/CE,<br \/>\nNatal\/RN e Campina Grande\/PB. Este document\u00e1rio \u00e9 um pequeno registro do<br \/>\nque rolou na cidade de Fortaleza.<\/p>\n<p>Espa\u00e7o Korpo Sem \u00d3rg\u00e3os \u2013 Autonomia e Autogest\u00e3o [Document\u00e1rio | 50\u201d |<br \/>\n2017 | Korpo Sem \u00d3rg\u00e3os | Fortaleza\/CE]\nRelatos, imagens, experi\u00eancias e viv\u00eancias deste espa\u00e7o okupado e<br \/>\nautogerido que resistiu na cidade de Fortaleza\/CE, em um document\u00e1rio<br \/>\nfeito pelas pessoas que passaram pela casa e contribuiram para sua<br \/>\nexist\u00eancia.<\/p>\n<p>14:40 | Mais Amor + Noise and Resistence<\/p>\n<p>Mais Amor [Curta experimental | 4\u201d | 2017 | Biblioteca Terra Livre | S\u00e3o<br \/>\nPaulo\/SP]\n<p>O quanto esse discurso de \u201cmais amor\u201d n\u00e3o esconde uma exig\u00eancia por passividade e aceita\u00e7\u00e3o das desigualdades sociais? Enquanto o capitalismo tortura, pede amor em troca. Enjoados desse falso amor, nos resta exercitar o \u00f3dio. \u00c9 preciso nutrir o \u00f3dio de classe. O filme, de maneira tosca e metaf\u00f3rica, prop\u00f5e uma reflex\u00e3o sobre essa frase que<br \/>\nhabita o discurso da manuten\u00e7\u00e3o. Mais amor pra quem? Guerra ao sistema!<\/p>\n<p>Noise and Resistence [Document\u00e1rio | 90\u201d | 2011 | Francesca Araiza Andrade e Julia Ostertag | Alemanha]\nDocument\u00e1rio que retrata uma cena pol\u00edtica e musical globalmente interconectada, constru\u00edda a partir de autonomia, solidariedade e da ideia de fa\u00e7a-voc\u00ea-mesma, que declara guerra ao capitalismo e a cultura mainstream. Entre okupas em Barcelona, antifascistas em Moscou, habitantes de parques de trailers autogeridos, garotas de bandas punks suecas, e outros grupos de diversos pa\u00edses, o filme conta um pouco sobre<br \/>\nintegrantes desta cena, suas motiva\u00e7\u00f5es, aspira\u00e7\u00f5es compartilhadas e ideias de utopia.<\/p>\n<p>16h30 | Debate: A pr\u00e1tica do cineclube na era do isolamento digital, com Daniel Fagundes, Sheyla Maria Melo e Gabriel Barcelos<\/p>\n<p>Os cineclubes e mostras surgem como espa\u00e7os onde as pessoas se re\u00fanem para assistir filmes coletivamente e, muitas vezes, debater e refletir em conjunto sobre as produ\u00e7\u00f5es e temas que as envolvem. A era da internet, por\u00e9m, ao mesmo tempo em que possibilitou e facilitou contatos, tem gerado cada vez mais isolamento neste sentido: ao inv\u00e9s de<br \/>\npriorizar estes momentos coletivos, o ato de assistir filmes se torna cada vez mais algo para se fazer em computadores pessoais e celulares, muitas vezes individualmente. Como se inserem os cineclubes e sua pr\u00e1tica neste contexto?<\/p>\n<p>Sheyla Maria Melo | Co-gestora do grupo Arte Maloqueira, articuladora do projeto Rua de Fazer e do Projeto Comunica\u00e7\u00e3o Alternativa, estudante de jornalismo e pedagoga.<\/p>\n<p>Daniel Fagundes | Cinegrafista e Pedagogo, integrante do N\u00facleo de Comunica\u00e7\u00e3o Alternativa.<\/p>\n<p>Gabriel Barcelos | Jornalista sindical, pesquisador, videoativista, ex-organizador da Mostra Luta de Campinas, autor do blog CineMovimento (<a href=\"http:\/\/cinemovimento.wordpress.com\/\" target=\"_blank\" rel=\"noopener noreferrer\">cinemovimento.wordpress.com<\/a>)<\/p>\n<p>18:15 | Curdist\u00e3o: Garotas em Guerra + Caoticidade<\/p>\n<p>Caoticidade [Document\u00e1rio experimental | 9\u201d | 2017 | Diego Duenhas | S\u00e3o Jo\u00e3o da Boa Vista\/SP]\n<p>Document\u00e1rio experimental que prop\u00f5e uma abordagem diferente sobre o assunto da gentrifica\u00e7\u00e3o e seus resultados para as cidades e para as pessoas que vivem nelas.<\/p>\n<p>Curdist\u00e3o: Garotas em Guerra [Document\u00e1rio | 53\u201d | 2016 | Myl\u00e8ne Sauloy| Fran\u00e7a]\nO document\u00e1rio olha para a luta ideol\u00f3gica e militar das mulheres curdas em Rojava, Shengal e Qandil, bem como a hist\u00f3ria do movimento de mulheres que surge com o PKK. De Par\u00eds a Sinjar, mulheres curdas est\u00e3o tomando em armas contra o Daesh para defender o seu povo. Um grupo de mulheres que se negam a ser v\u00edtimas e se mant\u00eam fortes com outras mulheres que s\u00e3o maltratadas.<\/p>\n<p>*Lan\u00e7amento do zine #1 do Festival do Filme Anarquista e Punk | Depois de 6 anos organizando o Festival, reunimos no papel um pouco de nossas inquieta\u00e7\u00f5es, questionamentos e vis\u00f5es sobre audiovisual anarquista, pr\u00e1tica e produ\u00e7\u00e3o de v\u00eddeo e o uso dessa ferramenta em nossas lutas para compartilhar e ampliar os debates sobre o tema. O zine estar\u00e1 dispon\u00edvel na banquinha durante os dias do Festival!<\/p>\n<p>*Exposi\u00e7\u00e3o | Festivais de Filme Anarquista pelo mundo | J\u00e1 tradicional em todas as edi\u00e7\u00f5es do Festival, estar\u00e3o expostas imagens de cartazes de festivais de filme anarquista e punk mundo afora.<\/p>\n<p>*Exposi\u00e7\u00e3o | Crass e fa\u00e7a-voc\u00ea-mesma nas colagens de Gee Vaucher (Inglaterra) | Exposi\u00e7\u00e3o de colagens e artes enviadas por Gee Vaucher, artista, ex-integrante da banda inglesa Crass e moradora da comunidade Dial House em Essex\/Inglaterra, que foram feitas durante o per\u00edodo de exist\u00eancia da banda para as capas, encartes e materiais produzidos na \u00e9poca.<\/p>\n<p>*Venda de salgados e lanches veganos por No Cruelty Vegan Foods |<br \/>\n<a href=\"https:\/\/www.facebook.com\/nocrueltyfoods\" target=\"_blank\" rel=\"noreferrer noopener\">https:\/\/www.facebook.com\/nocrueltyfoods<\/a><\/p>\n","protected":false},"excerpt":{"rendered":"<p>VI FESTIVAL DO FILME ANARQUISTA E PUNK DE SP Chegamos ao sexto ano do Festival do Filme Anarquista e Punk de SP, com a proposta de visibilizar as produ\u00e7\u00f5es audiovisuais libert\u00e1rias e de tem\u00e1ticas relacionadas \u00e0 contracultura punk e anarquismo, al\u00e9m de pautar o uso dessa importante ferramenta em nossas lutas. Esse ano o Festival <a class=\"more-link\" href=\"https:\/\/anarcopunk.org\/festival\/vi-festival-do-filme-anarquista-e-punk-de-sp\/\">Leia mais&#8230; &raquo;<\/a><\/p>\n","protected":false},"author":1,"featured_media":280,"parent":0,"menu_order":0,"comment_status":"closed","ping_status":"closed","template":"","meta":{"_acf_changed":false,"footnotes":""},"class_list":["post-270","page","type-page","status-publish","has-post-thumbnail","hentry"],"acf":[],"yoast_head":"<!-- This site is optimized with the Yoast SEO plugin v27.3 - https:\/\/yoast.com\/product\/yoast-seo-wordpress\/ -->\n<title>VI Festival do Filme Anarquista e Punk de SP - Festival do Filme Anarquista e Punk de SP<\/title>\n<meta name=\"robots\" content=\"index, follow, max-snippet:-1, max-image-preview:large, max-video-preview:-1\" \/>\n<link rel=\"canonical\" href=\"https:\/\/anarcopunk.org\/festival\/vi-festival-do-filme-anarquista-e-punk-de-sp\/\" \/>\n<meta property=\"og:locale\" content=\"pt_BR\" \/>\n<meta property=\"og:type\" content=\"article\" \/>\n<meta property=\"og:title\" content=\"VI Festival do Filme Anarquista e Punk de SP - Festival do Filme Anarquista e Punk de SP\" \/>\n<meta property=\"og:description\" content=\"VI FESTIVAL DO FILME ANARQUISTA E PUNK DE SP Chegamos ao sexto ano do Festival do Filme Anarquista e Punk de SP, com a proposta de visibilizar as produ\u00e7\u00f5es audiovisuais libert\u00e1rias e de tem\u00e1ticas relacionadas \u00e0 contracultura punk e anarquismo, al\u00e9m de pautar o uso dessa importante ferramenta em nossas lutas. Esse ano o Festival Leia mais... &raquo;\" \/>\n<meta property=\"og:url\" content=\"https:\/\/anarcopunk.org\/festival\/vi-festival-do-filme-anarquista-e-punk-de-sp\/\" \/>\n<meta property=\"og:site_name\" content=\"Festival do Filme Anarquista e Punk de SP\" \/>\n<meta property=\"article:modified_time\" content=\"2020-10-22T06:07:42+00:00\" \/>\n<meta property=\"og:image\" content=\"https:\/\/anarcopunk.org\/festival\/wp-content\/uploads\/2017\/10\/cartaz-e1510623919721.jpg\" \/>\n\t<meta property=\"og:image:width\" content=\"700\" \/>\n\t<meta property=\"og:image:height\" content=\"990\" \/>\n\t<meta property=\"og:image:type\" content=\"image\/jpeg\" \/>\n<meta name=\"twitter:card\" content=\"summary_large_image\" \/>\n<meta name=\"twitter:label1\" content=\"Est. tempo de leitura\" \/>\n\t<meta name=\"twitter:data1\" content=\"9 minutos\" \/>\n<script type=\"application\/ld+json\" class=\"yoast-schema-graph\">{\"@context\":\"https:\\\/\\\/schema.org\",\"@graph\":[{\"@type\":\"WebPage\",\"@id\":\"https:\\\/\\\/anarcopunk.org\\\/festival\\\/vi-festival-do-filme-anarquista-e-punk-de-sp\\\/\",\"url\":\"https:\\\/\\\/anarcopunk.org\\\/festival\\\/vi-festival-do-filme-anarquista-e-punk-de-sp\\\/\",\"name\":\"VI Festival do Filme Anarquista e Punk de SP - Festival do Filme Anarquista e Punk de SP\",\"isPartOf\":{\"@id\":\"https:\\\/\\\/anarcopunk.org\\\/festival\\\/#website\"},\"primaryImageOfPage\":{\"@id\":\"https:\\\/\\\/anarcopunk.org\\\/festival\\\/vi-festival-do-filme-anarquista-e-punk-de-sp\\\/#primaryimage\"},\"image\":{\"@id\":\"https:\\\/\\\/anarcopunk.org\\\/festival\\\/vi-festival-do-filme-anarquista-e-punk-de-sp\\\/#primaryimage\"},\"thumbnailUrl\":\"https:\\\/\\\/anarcopunk.org\\\/festival\\\/wp-content\\\/uploads\\\/2017\\\/10\\\/cartaz-e1510623919721.jpg\",\"datePublished\":\"2017-10-24T00:17:49+00:00\",\"dateModified\":\"2020-10-22T06:07:42+00:00\",\"breadcrumb\":{\"@id\":\"https:\\\/\\\/anarcopunk.org\\\/festival\\\/vi-festival-do-filme-anarquista-e-punk-de-sp\\\/#breadcrumb\"},\"inLanguage\":\"pt-BR\",\"potentialAction\":[{\"@type\":\"ReadAction\",\"target\":[\"https:\\\/\\\/anarcopunk.org\\\/festival\\\/vi-festival-do-filme-anarquista-e-punk-de-sp\\\/\"]}]},{\"@type\":\"ImageObject\",\"inLanguage\":\"pt-BR\",\"@id\":\"https:\\\/\\\/anarcopunk.org\\\/festival\\\/vi-festival-do-filme-anarquista-e-punk-de-sp\\\/#primaryimage\",\"url\":\"https:\\\/\\\/anarcopunk.org\\\/festival\\\/wp-content\\\/uploads\\\/2017\\\/10\\\/cartaz-e1510623919721.jpg\",\"contentUrl\":\"https:\\\/\\\/anarcopunk.org\\\/festival\\\/wp-content\\\/uploads\\\/2017\\\/10\\\/cartaz-e1510623919721.jpg\",\"width\":700,\"height\":990},{\"@type\":\"BreadcrumbList\",\"@id\":\"https:\\\/\\\/anarcopunk.org\\\/festival\\\/vi-festival-do-filme-anarquista-e-punk-de-sp\\\/#breadcrumb\",\"itemListElement\":[{\"@type\":\"ListItem\",\"position\":1,\"name\":\"Home\",\"item\":\"https:\\\/\\\/anarcopunk.org\\\/festival\\\/\"},{\"@type\":\"ListItem\",\"position\":2,\"name\":\"VI Festival do Filme Anarquista e Punk de SP\"}]},{\"@type\":\"WebSite\",\"@id\":\"https:\\\/\\\/anarcopunk.org\\\/festival\\\/#website\",\"url\":\"https:\\\/\\\/anarcopunk.org\\\/festival\\\/\",\"name\":\"Festival do Filme Anarquista e Punk de SP\",\"description\":\"\",\"potentialAction\":[{\"@type\":\"SearchAction\",\"target\":{\"@type\":\"EntryPoint\",\"urlTemplate\":\"https:\\\/\\\/anarcopunk.org\\\/festival\\\/?s={search_term_string}\"},\"query-input\":{\"@type\":\"PropertyValueSpecification\",\"valueRequired\":true,\"valueName\":\"search_term_string\"}}],\"inLanguage\":\"pt-BR\"}]}<\/script>\n<!-- \/ Yoast SEO plugin. -->","yoast_head_json":{"title":"VI Festival do Filme Anarquista e Punk de SP - Festival do Filme Anarquista e Punk de SP","robots":{"index":"index","follow":"follow","max-snippet":"max-snippet:-1","max-image-preview":"max-image-preview:large","max-video-preview":"max-video-preview:-1"},"canonical":"https:\/\/anarcopunk.org\/festival\/vi-festival-do-filme-anarquista-e-punk-de-sp\/","og_locale":"pt_BR","og_type":"article","og_title":"VI Festival do Filme Anarquista e Punk de SP - Festival do Filme Anarquista e Punk de SP","og_description":"VI FESTIVAL DO FILME ANARQUISTA E PUNK DE SP Chegamos ao sexto ano do Festival do Filme Anarquista e Punk de SP, com a proposta de visibilizar as produ\u00e7\u00f5es audiovisuais libert\u00e1rias e de tem\u00e1ticas relacionadas \u00e0 contracultura punk e anarquismo, al\u00e9m de pautar o uso dessa importante ferramenta em nossas lutas. Esse ano o Festival Leia mais... &raquo;","og_url":"https:\/\/anarcopunk.org\/festival\/vi-festival-do-filme-anarquista-e-punk-de-sp\/","og_site_name":"Festival do Filme Anarquista e Punk de SP","article_modified_time":"2020-10-22T06:07:42+00:00","og_image":[{"width":700,"height":990,"url":"https:\/\/anarcopunk.org\/festival\/wp-content\/uploads\/2017\/10\/cartaz-e1510623919721.jpg","type":"image\/jpeg"}],"twitter_card":"summary_large_image","twitter_misc":{"Est. tempo de leitura":"9 minutos"},"schema":{"@context":"https:\/\/schema.org","@graph":[{"@type":"WebPage","@id":"https:\/\/anarcopunk.org\/festival\/vi-festival-do-filme-anarquista-e-punk-de-sp\/","url":"https:\/\/anarcopunk.org\/festival\/vi-festival-do-filme-anarquista-e-punk-de-sp\/","name":"VI Festival do Filme Anarquista e Punk de SP - Festival do Filme Anarquista e Punk de SP","isPartOf":{"@id":"https:\/\/anarcopunk.org\/festival\/#website"},"primaryImageOfPage":{"@id":"https:\/\/anarcopunk.org\/festival\/vi-festival-do-filme-anarquista-e-punk-de-sp\/#primaryimage"},"image":{"@id":"https:\/\/anarcopunk.org\/festival\/vi-festival-do-filme-anarquista-e-punk-de-sp\/#primaryimage"},"thumbnailUrl":"https:\/\/anarcopunk.org\/festival\/wp-content\/uploads\/2017\/10\/cartaz-e1510623919721.jpg","datePublished":"2017-10-24T00:17:49+00:00","dateModified":"2020-10-22T06:07:42+00:00","breadcrumb":{"@id":"https:\/\/anarcopunk.org\/festival\/vi-festival-do-filme-anarquista-e-punk-de-sp\/#breadcrumb"},"inLanguage":"pt-BR","potentialAction":[{"@type":"ReadAction","target":["https:\/\/anarcopunk.org\/festival\/vi-festival-do-filme-anarquista-e-punk-de-sp\/"]}]},{"@type":"ImageObject","inLanguage":"pt-BR","@id":"https:\/\/anarcopunk.org\/festival\/vi-festival-do-filme-anarquista-e-punk-de-sp\/#primaryimage","url":"https:\/\/anarcopunk.org\/festival\/wp-content\/uploads\/2017\/10\/cartaz-e1510623919721.jpg","contentUrl":"https:\/\/anarcopunk.org\/festival\/wp-content\/uploads\/2017\/10\/cartaz-e1510623919721.jpg","width":700,"height":990},{"@type":"BreadcrumbList","@id":"https:\/\/anarcopunk.org\/festival\/vi-festival-do-filme-anarquista-e-punk-de-sp\/#breadcrumb","itemListElement":[{"@type":"ListItem","position":1,"name":"Home","item":"https:\/\/anarcopunk.org\/festival\/"},{"@type":"ListItem","position":2,"name":"VI Festival do Filme Anarquista e Punk de SP"}]},{"@type":"WebSite","@id":"https:\/\/anarcopunk.org\/festival\/#website","url":"https:\/\/anarcopunk.org\/festival\/","name":"Festival do Filme Anarquista e Punk de SP","description":"","potentialAction":[{"@type":"SearchAction","target":{"@type":"EntryPoint","urlTemplate":"https:\/\/anarcopunk.org\/festival\/?s={search_term_string}"},"query-input":{"@type":"PropertyValueSpecification","valueRequired":true,"valueName":"search_term_string"}}],"inLanguage":"pt-BR"}]}},"_links":{"self":[{"href":"https:\/\/anarcopunk.org\/festival\/wp-json\/wp\/v2\/pages\/270","targetHints":{"allow":["GET"]}}],"collection":[{"href":"https:\/\/anarcopunk.org\/festival\/wp-json\/wp\/v2\/pages"}],"about":[{"href":"https:\/\/anarcopunk.org\/festival\/wp-json\/wp\/v2\/types\/page"}],"author":[{"embeddable":true,"href":"https:\/\/anarcopunk.org\/festival\/wp-json\/wp\/v2\/users\/1"}],"replies":[{"embeddable":true,"href":"https:\/\/anarcopunk.org\/festival\/wp-json\/wp\/v2\/comments?post=270"}],"version-history":[{"count":5,"href":"https:\/\/anarcopunk.org\/festival\/wp-json\/wp\/v2\/pages\/270\/revisions"}],"predecessor-version":[{"id":361,"href":"https:\/\/anarcopunk.org\/festival\/wp-json\/wp\/v2\/pages\/270\/revisions\/361"}],"wp:featuredmedia":[{"embeddable":true,"href":"https:\/\/anarcopunk.org\/festival\/wp-json\/wp\/v2\/media\/280"}],"wp:attachment":[{"href":"https:\/\/anarcopunk.org\/festival\/wp-json\/wp\/v2\/media?parent=270"}],"curies":[{"name":"wp","href":"https:\/\/api.w.org\/{rel}","templated":true}]}}