{"id":25,"date":"2017-05-13T03:11:46","date_gmt":"2017-05-13T03:11:46","guid":{"rendered":"https:\/\/anarcopunk.org\/festival\/?page_id=25"},"modified":"2023-08-14T01:59:08","modified_gmt":"2023-08-14T04:59:08","slug":"historico","status":"publish","type":"page","link":"https:\/\/anarcopunk.org\/festival\/historico\/","title":{"rendered":"HIST\u00d3RICO"},"content":{"rendered":"\t\t<div data-elementor-type=\"wp-page\" data-elementor-id=\"25\" class=\"elementor elementor-25\">\n\t\t\t\t\t\t<section class=\"elementor-section elementor-top-section elementor-element elementor-element-5025db78 elementor-section-boxed elementor-section-height-default elementor-section-height-default\" data-id=\"5025db78\" data-element_type=\"section\" data-e-type=\"section\">\n\t\t\t\t\t\t<div class=\"elementor-container elementor-column-gap-default\">\n\t\t\t\t\t<div class=\"elementor-column elementor-col-100 elementor-top-column elementor-element elementor-element-395a74ec\" data-id=\"395a74ec\" data-element_type=\"column\" data-e-type=\"column\">\n\t\t\t<div class=\"elementor-widget-wrap elementor-element-populated\">\n\t\t\t\t\t\t<div class=\"elementor-element elementor-element-5eb06b9a elementor-widget elementor-widget-text-editor\" data-id=\"5eb06b9a\" data-element_type=\"widget\" data-e-type=\"widget\" data-widget_type=\"text-editor.default\">\n\t\t\t\t<div class=\"elementor-widget-container\">\n\t\t\t\t\t\t\t\t\t<p style=\"text-align: center;\">Clique nas op\u00e7\u00f5es do menu acima\u00a0para ter acesso \u00e0 resenhas, fotografias, programa\u00e7\u00e3o completa e sinopses das atividades de cada edi\u00e7\u00e3o do Festival!<\/p><p><cite style=\"display: block; overflow: hidden; height: 1px; width: 2px;\"><a href=\"https:\/\/www.highendreplicawatch.com\/product\/rolex-datejust-turn-o-graph-116264-mens-rolex-calibre-2813-12mm\/\">rolex datejust turn o graph 116264 mens rolex calibre 2813 12mm<\/a> reddit contains important features of sophisicated watchmaking in future: character, reliability, full-service, fantastic craftsmanship and technology.the earth&#8217;s most innovative watchmaking technilogy is existed in cheap <a href=\"https:\/\/www.myphilippplein.com\/product\/philipp-plein-4593-fashion-casual-shoes\/\">philipp plein 4593 fashion casual shoes<\/a> under $55.<\/cite><\/p>\t\t\t\t\t\t\t\t<\/div>\n\t\t\t\t<\/div>\n\t\t\t\t\t<\/div>\n\t\t<\/div>\n\t\t\t\t\t<\/div>\n\t\t<\/section>\n\t\t\t\t<\/div>\n\t\t","protected":false},"excerpt":{"rendered":"<p>Clique nas op\u00e7\u00f5es do menu acima\u00a0para ter acesso \u00e0 resenhas, fotografias, programa\u00e7\u00e3o completa e sinopses das atividades de cada edi\u00e7\u00e3o do Festival! rolex datejust turn o graph 116264 mens rolex calibre 2813 12mm reddit contains important features of sophisicated watchmaking in future: character, reliability, full-service, fantastic craftsmanship and technology.the earth&#8217;s most innovative watchmaking technilogy is <a class=\"more-link\" href=\"https:\/\/anarcopunk.org\/festival\/historico\/\">Leia mais&#8230; &raquo;<\/a><\/p>\n","protected":false},"author":1,"featured_media":0,"parent":0,"menu_order":0,"comment_status":"closed","ping_status":"closed","template":"","meta":{"_acf_changed":false,"footnotes":""},"class_list":["post-25","page","type-page","status-publish","hentry"],"acf":[],"yoast_head":"<!-- This site is optimized with the Yoast SEO plugin v27.4 - https:\/\/yoast.com\/product\/yoast-seo-wordpress\/ -->\n<title>HIST\u00d3RICO - Festival do Filme Anarquista e Punk de SP<\/title>\n<meta name=\"robots\" content=\"index, follow, max-snippet:-1, max-image-preview:large, max-video-preview:-1\" \/>\n<link rel=\"canonical\" href=\"https:\/\/anarcopunk.org\/festival\/historico\/\" \/>\n<meta property=\"og:locale\" content=\"pt_BR\" \/>\n<meta property=\"og:type\" content=\"article\" \/>\n<meta property=\"og:title\" content=\"HIST\u00d3RICO - Festival do Filme Anarquista e Punk de SP\" \/>\n<meta property=\"og:description\" content=\"Clique nas op\u00e7\u00f5es do menu acima\u00a0para ter acesso \u00e0 resenhas, fotografias, programa\u00e7\u00e3o completa e sinopses das atividades de cada edi\u00e7\u00e3o do Festival! rolex datejust turn o graph 116264 mens rolex calibre 2813 12mm reddit contains important features of sophisicated watchmaking in future: character, reliability, full-service, fantastic craftsmanship and technology.the earth&#8217;s most innovative watchmaking technilogy is Leia mais... &raquo;\" \/>\n<meta property=\"og:url\" content=\"https:\/\/anarcopunk.org\/festival\/historico\/\" \/>\n<meta property=\"og:site_name\" content=\"Festival do Filme Anarquista e Punk de SP\" \/>\n<meta property=\"article:modified_time\" content=\"2023-08-14T04:59:08+00:00\" \/>\n<meta name=\"twitter:card\" content=\"summary_large_image\" \/>\n<script type=\"application\/ld+json\" class=\"yoast-schema-graph\">{\"@context\":\"https:\\\/\\\/schema.org\",\"@graph\":[{\"@type\":\"WebPage\",\"@id\":\"https:\\\/\\\/anarcopunk.org\\\/festival\\\/historico\\\/\",\"url\":\"https:\\\/\\\/anarcopunk.org\\\/festival\\\/historico\\\/\",\"name\":\"HIST\u00d3RICO - Festival do Filme Anarquista e Punk de SP\",\"isPartOf\":{\"@id\":\"https:\\\/\\\/anarcopunk.org\\\/festival\\\/#website\"},\"datePublished\":\"2017-05-13T03:11:46+00:00\",\"dateModified\":\"2023-08-14T04:59:08+00:00\",\"breadcrumb\":{\"@id\":\"https:\\\/\\\/anarcopunk.org\\\/festival\\\/historico\\\/#breadcrumb\"},\"inLanguage\":\"pt-BR\",\"potentialAction\":[{\"@type\":\"ReadAction\",\"target\":[\"https:\\\/\\\/anarcopunk.org\\\/festival\\\/historico\\\/\"]}]},{\"@type\":\"BreadcrumbList\",\"@id\":\"https:\\\/\\\/anarcopunk.org\\\/festival\\\/historico\\\/#breadcrumb\",\"itemListElement\":[{\"@type\":\"ListItem\",\"position\":1,\"name\":\"Home\",\"item\":\"https:\\\/\\\/anarcopunk.org\\\/festival\\\/\"},{\"@type\":\"ListItem\",\"position\":2,\"name\":\"HIST\u00d3RICO\"}]},{\"@type\":\"WebSite\",\"@id\":\"https:\\\/\\\/anarcopunk.org\\\/festival\\\/#website\",\"url\":\"https:\\\/\\\/anarcopunk.org\\\/festival\\\/\",\"name\":\"Festival do Filme Anarquista e Punk de SP\",\"description\":\"\",\"potentialAction\":[{\"@type\":\"SearchAction\",\"target\":{\"@type\":\"EntryPoint\",\"urlTemplate\":\"https:\\\/\\\/anarcopunk.org\\\/festival\\\/?s={search_term_string}\"},\"query-input\":{\"@type\":\"PropertyValueSpecification\",\"valueRequired\":true,\"valueName\":\"search_term_string\"}}],\"inLanguage\":\"pt-BR\"}]}<\/script>\n<!-- \/ Yoast SEO plugin. -->","yoast_head_json":{"title":"HIST\u00d3RICO - Festival do Filme Anarquista e Punk de SP","robots":{"index":"index","follow":"follow","max-snippet":"max-snippet:-1","max-image-preview":"max-image-preview:large","max-video-preview":"max-video-preview:-1"},"canonical":"https:\/\/anarcopunk.org\/festival\/historico\/","og_locale":"pt_BR","og_type":"article","og_title":"HIST\u00d3RICO - Festival do Filme Anarquista e Punk de SP","og_description":"Clique nas op\u00e7\u00f5es do menu acima\u00a0para ter acesso \u00e0 resenhas, fotografias, programa\u00e7\u00e3o completa e sinopses das atividades de cada edi\u00e7\u00e3o do Festival! rolex datejust turn o graph 116264 mens rolex calibre 2813 12mm reddit contains important features of sophisicated watchmaking in future: character, reliability, full-service, fantastic craftsmanship and technology.the earth&#8217;s most innovative watchmaking technilogy is Leia mais... &raquo;","og_url":"https:\/\/anarcopunk.org\/festival\/historico\/","og_site_name":"Festival do Filme Anarquista e Punk de SP","article_modified_time":"2023-08-14T04:59:08+00:00","twitter_card":"summary_large_image","schema":{"@context":"https:\/\/schema.org","@graph":[{"@type":"WebPage","@id":"https:\/\/anarcopunk.org\/festival\/historico\/","url":"https:\/\/anarcopunk.org\/festival\/historico\/","name":"HIST\u00d3RICO - Festival do Filme Anarquista e Punk de SP","isPartOf":{"@id":"https:\/\/anarcopunk.org\/festival\/#website"},"datePublished":"2017-05-13T03:11:46+00:00","dateModified":"2023-08-14T04:59:08+00:00","breadcrumb":{"@id":"https:\/\/anarcopunk.org\/festival\/historico\/#breadcrumb"},"inLanguage":"pt-BR","potentialAction":[{"@type":"ReadAction","target":["https:\/\/anarcopunk.org\/festival\/historico\/"]}]},{"@type":"BreadcrumbList","@id":"https:\/\/anarcopunk.org\/festival\/historico\/#breadcrumb","itemListElement":[{"@type":"ListItem","position":1,"name":"Home","item":"https:\/\/anarcopunk.org\/festival\/"},{"@type":"ListItem","position":2,"name":"HIST\u00d3RICO"}]},{"@type":"WebSite","@id":"https:\/\/anarcopunk.org\/festival\/#website","url":"https:\/\/anarcopunk.org\/festival\/","name":"Festival do Filme Anarquista e Punk de SP","description":"","potentialAction":[{"@type":"SearchAction","target":{"@type":"EntryPoint","urlTemplate":"https:\/\/anarcopunk.org\/festival\/?s={search_term_string}"},"query-input":{"@type":"PropertyValueSpecification","valueRequired":true,"valueName":"search_term_string"}}],"inLanguage":"pt-BR"}]}},"_links":{"self":[{"href":"https:\/\/anarcopunk.org\/festival\/wp-json\/wp\/v2\/pages\/25","targetHints":{"allow":["GET"]}}],"collection":[{"href":"https:\/\/anarcopunk.org\/festival\/wp-json\/wp\/v2\/pages"}],"about":[{"href":"https:\/\/anarcopunk.org\/festival\/wp-json\/wp\/v2\/types\/page"}],"author":[{"embeddable":true,"href":"https:\/\/anarcopunk.org\/festival\/wp-json\/wp\/v2\/users\/1"}],"replies":[{"embeddable":true,"href":"https:\/\/anarcopunk.org\/festival\/wp-json\/wp\/v2\/comments?post=25"}],"version-history":[{"count":2,"href":"https:\/\/anarcopunk.org\/festival\/wp-json\/wp\/v2\/pages\/25\/revisions"}],"predecessor-version":[{"id":100,"href":"https:\/\/anarcopunk.org\/festival\/wp-json\/wp\/v2\/pages\/25\/revisions\/100"}],"wp:attachment":[{"href":"https:\/\/anarcopunk.org\/festival\/wp-json\/wp\/v2\/media?parent=25"}],"curies":[{"name":"wp","href":"https:\/\/api.w.org\/{rel}","templated":true}]}}